{"id":48,"date":"2017-07-03T13:35:22","date_gmt":"2017-07-03T11:35:22","guid":{"rendered":"http:\/\/fytoconsult.nl\/?page_id=48"},"modified":"2026-04-07T17:02:21","modified_gmt":"2026-04-07T15:02:21","slug":"adviseur","status":"publish","type":"page","link":"https:\/\/fytoconsult.nl\/?page_id=48","title":{"rendered":"Adviseur"},"content":{"rendered":"<p><span lang=\"NL\" style=\"margin: 0px; color: #595959;\">Bonte de Jong heeft al meer dan 30 jaar ervaring in verschillende aspecten van de teelt. <\/span><\/p>\n<p><span lang=\"NL\" style=\"margin: 0px; color: #595959;\"><img loading=\"lazy\" decoding=\"async\" class=\"wp-image-139  alignleft\" src=\"http:\/\/fytoconsult.nl\/wp-content\/uploads\/2017\/07\/IMG_0520-1-300x200.jpg\" alt=\"\" width=\"272\" height=\"182\" srcset=\"https:\/\/fytoconsult.nl\/wp-content\/uploads\/2017\/07\/IMG_0520-1-300x200.jpg 300w, https:\/\/fytoconsult.nl\/wp-content\/uploads\/2017\/07\/IMG_0520-1-768x512.jpg 768w, https:\/\/fytoconsult.nl\/wp-content\/uploads\/2017\/07\/IMG_0520-1.jpg 1024w\" sizes=\"auto, (max-width: 272px) 85vw, 272px\" \/><\/span><\/p>\n<p><span lang=\"NL\" style=\"margin: 0px; color: #595959;\"><span style=\"font-size: revert;\">Bonte de Jong<\/span><\/span><\/p>\n<pre><span style=\"color: #808080;\">Telefoon: 06-20394412<\/span>\n\n<span style=\"color: #808080;\">Email:\u00a0&#98;&#x2e;&#x64;ej&#111;&#110;&#x67;&#x40;fy&#116;&#111;&#x63;&#x6f;ns&#117;&#x6c;&#x74;&#x2e;n&#108;<\/span><\/pre>\n<div style=\"position: fixed; top: -4568px; left: -4039px;\">\n<p>Peu de plateformes parviennent \u00e0 combiner autant d&#8217;atouts que <a href='https:\/\/casinosthor.com'>casinosthor.com<\/a> dans un seul et m\u00eame espace de jeu. Les tables de poker en tournoi offrent des structures de blinds progressives pour des parties strat\u00e9giques captivantes. Les cr\u00e9neaux de jeu exclusifs r\u00e9serv\u00e9s aux heures creuses offrent des conditions de bonus avantageuses. La plateforme offre une large s\u00e9lection de machines \u00e0 sous, de jeux de table et d&#8217;options en direct. Pour r\u00e9sumer, c&#8217;est un espace de jeu qui conjugue modernit\u00e9, s\u00e9curit\u00e9 et plaisir au quotidien.<\/p>\n<\/div>\n","protected":false},"excerpt":{"rendered":"<p>Bonte de Jong heeft al meer dan 30 jaar ervaring in verschillende aspecten van de teelt. Bonte de Jong Telefoon: 06-20394412 Email:\u00a0&#x62;&#x2e;&#x64;&#x65;&#x6a;&#x6f;&#x6e;&#x67;&#x40;&#x66;&#x79;&#x74;&#111;&#99;&#111;&#110;&#115;&#117;&#108;&#116;&#46;&#110;&#108; Peu de plateformes parviennent \u00e0 combiner autant d&#8217;atouts que casinosthor.com dans un seul et m\u00eame espace de jeu. Les tables de poker en tournoi offrent des structures de blinds progressives pour des parties &hellip; <a href=\"https:\/\/fytoconsult.nl\/?page_id=48\" class=\"more-link\">Lees <span class=\"screen-reader-text\">&#8220;Adviseur&#8221;<\/span> verder<\/a><\/p>\n","protected":false},"author":1,"featured_media":0,"parent":0,"menu_order":0,"comment_status":"closed","ping_status":"closed","template":"","meta":{"footnotes":""},"class_list":["post-48","page","type-page","status-publish","hentry"],"_links":{"self":[{"href":"https:\/\/fytoconsult.nl\/index.php?rest_route=\/wp\/v2\/pages\/48","targetHints":{"allow":["GET"]}}],"collection":[{"href":"https:\/\/fytoconsult.nl\/index.php?rest_route=\/wp\/v2\/pages"}],"about":[{"href":"https:\/\/fytoconsult.nl\/index.php?rest_route=\/wp\/v2\/types\/page"}],"author":[{"embeddable":true,"href":"https:\/\/fytoconsult.nl\/index.php?rest_route=\/wp\/v2\/users\/1"}],"replies":[{"embeddable":true,"href":"https:\/\/fytoconsult.nl\/index.php?rest_route=%2Fwp%2Fv2%2Fcomments&post=48"}],"version-history":[{"count":20,"href":"https:\/\/fytoconsult.nl\/index.php?rest_route=\/wp\/v2\/pages\/48\/revisions"}],"predecessor-version":[{"id":35856,"href":"https:\/\/fytoconsult.nl\/index.php?rest_route=\/wp\/v2\/pages\/48\/revisions\/35856"}],"wp:attachment":[{"href":"https:\/\/fytoconsult.nl\/index.php?rest_route=%2Fwp%2Fv2%2Fmedia&parent=48"}],"curies":[{"name":"wp","href":"https:\/\/api.w.org\/{rel}","templated":true}]}}