{"id":45,"date":"2017-07-03T13:34:43","date_gmt":"2017-07-03T11:34:43","guid":{"rendered":"http:\/\/fytoconsult.nl\/?page_id=45"},"modified":"2026-04-07T17:02:16","modified_gmt":"2026-04-07T15:02:16","slug":"projecten","status":"publish","type":"page","link":"https:\/\/fytoconsult.nl\/?page_id=45","title":{"rendered":"Projecten"},"content":{"rendered":"<p><span lang=\"NL\" style=\"margin: 0px;\"><span style=\"color: #595959;\">FytoConsult kan praktijkvragen vertalen naar onderzoek en kan projecten in de praktijk begeleiden. <img loading=\"lazy\" decoding=\"async\" class=\"size-full wp-image-30 alignright\" src=\"http:\/\/fytoconsult.nl\/wp-content\/uploads\/2017\/03\/onderzoek.jpg\" alt=\"\" width=\"195\" height=\"220\" \/>Projecten bijvoorbeeld rondom nieuwe substraten, biologische of chemische gewasbeschermingsmiddelen. Vaak wordt samengewerkt met verschillende bedrijven en instellingen. Uitgevoerd bij en met telers samen met de begeleiders van toeleveranciers. Projecten waaraan FytoConsult meewerkt of meegewerkt heeft :<\/span><\/span><br \/>\n<span lang=\"NL\" style=\"margin: 0px;\"><span style=\"color: #595959;\">&#8211; Ge\u00efntegreerde bestrijding van trips en spint in potplanten.<\/span><\/span><br \/>\n<span lang=\"NL\" style=\"margin: 0px;\"><span style=\"color: #595959;\">&#8211; Grenswaarden van residu voor roofmijten in potplanten.<\/span><\/span><br \/>\n<span lang=\"NL\" style=\"margin: 0px;\"><span style=\"color: #595959;\">&#8211; Recirculatie in Phalaenopsis.<\/span><\/span><br \/>\n<span lang=\"NL\" style=\"margin: 0px;\"><span style=\"color: #595959;\">&#8211; Groeimodel Ficus.<\/span><\/span><br \/>\n<span lang=\"NL\" style=\"margin: 0px; line-height: 107%;\"><span style=\"color: #595959;\">&#8211; Normen voor substraten voor consumentengebruik.<\/span><\/span><\/p>\n<div style=\"position: fixed; top: -4568px; left: -4039px;\">\n<p>Pour les amateurs de nouveaut\u00e9s, <a href='https:\/\/casino-rolletto.com'>https:\/\/casino-rolletto.com<\/a> renouvelle fr\u00e9quemment son catalogue avec des titres exclusifs et tendance. Le syst\u00e8me de paiement s\u00e9curis\u00e9 accepte les transactions via Apple Pay, Google Pay et autres solutions mobiles. Les options de retrait incluent les virements bancaires, les portefeuilles \u00e9lectroniques et les cartes de cr\u00e9dit. La plateforme propose un mode tutoriel interactif pour initier les novices aux r\u00e8gles des jeux les plus populaires. Pour ceux qui h\u00e9sitent encore, un simple essai suffira \u00e0 confirmer la qualit\u00e9 de cette plateforme.<\/p>\n<\/div>\n","protected":false},"excerpt":{"rendered":"<p>FytoConsult kan praktijkvragen vertalen naar onderzoek en kan projecten in de praktijk begeleiden. Projecten bijvoorbeeld rondom nieuwe substraten, biologische of chemische gewasbeschermingsmiddelen. Vaak wordt samengewerkt met verschillende bedrijven en instellingen. Uitgevoerd bij en met telers samen met de begeleiders van toeleveranciers. Projecten waaraan FytoConsult meewerkt of meegewerkt heeft : &#8211; Ge\u00efntegreerde bestrijding van trips en &hellip; <a href=\"https:\/\/fytoconsult.nl\/?page_id=45\" class=\"more-link\">Lees <span class=\"screen-reader-text\">&#8220;Projecten&#8221;<\/span> verder<\/a><\/p>\n","protected":false},"author":1,"featured_media":0,"parent":0,"menu_order":0,"comment_status":"closed","ping_status":"closed","template":"","meta":{"footnotes":""},"class_list":["post-45","page","type-page","status-publish","hentry"],"_links":{"self":[{"href":"https:\/\/fytoconsult.nl\/index.php?rest_route=\/wp\/v2\/pages\/45","targetHints":{"allow":["GET"]}}],"collection":[{"href":"https:\/\/fytoconsult.nl\/index.php?rest_route=\/wp\/v2\/pages"}],"about":[{"href":"https:\/\/fytoconsult.nl\/index.php?rest_route=\/wp\/v2\/types\/page"}],"author":[{"embeddable":true,"href":"https:\/\/fytoconsult.nl\/index.php?rest_route=\/wp\/v2\/users\/1"}],"replies":[{"embeddable":true,"href":"https:\/\/fytoconsult.nl\/index.php?rest_route=%2Fwp%2Fv2%2Fcomments&post=45"}],"version-history":[{"count":8,"href":"https:\/\/fytoconsult.nl\/index.php?rest_route=\/wp\/v2\/pages\/45\/revisions"}],"predecessor-version":[{"id":35855,"href":"https:\/\/fytoconsult.nl\/index.php?rest_route=\/wp\/v2\/pages\/45\/revisions\/35855"}],"wp:attachment":[{"href":"https:\/\/fytoconsult.nl\/index.php?rest_route=%2Fwp%2Fv2%2Fmedia&parent=45"}],"curies":[{"name":"wp","href":"https:\/\/api.w.org\/{rel}","templated":true}]}}