{"id":42,"date":"2017-07-03T13:34:11","date_gmt":"2017-07-03T11:34:11","guid":{"rendered":"http:\/\/fytoconsult.nl\/?page_id=42"},"modified":"2026-04-07T17:02:11","modified_gmt":"2026-04-07T15:02:11","slug":"cursus","status":"publish","type":"page","link":"https:\/\/fytoconsult.nl\/?page_id=42","title":{"rendered":"Cursus"},"content":{"rendered":"<p><span lang=\"NL\" style=\"margin: 0px; \"><span style=\"color: #000000;\"><b>Cur<\/b><img loading=\"lazy\" decoding=\"async\" class=\"alignleft wp-image-19\" src=\"http:\/\/fytoconsult.nl\/wp-content\/uploads\/2017\/03\/cursus.jpg\" alt=\"\" width=\"190\" height=\"214\" \/><b>sus op maat<\/b><\/span><\/span><br \/>\n<span lang=\"NL\" style=\"margin: 0px; color: #595959; \">Bijvoorbeeld rondom nieuwe substraten, biologische en chemische gewasbeschermingsmiddelen. <\/span><br \/>\n<span lang=\"NL\" style=\"margin: 0px; color: #595959; line-height: 107%; \">Vaak wordt er samengewerkt met verschillende bedrijven, instellingen en toeleveranciers. De cursus wordt uitgevoerd bij en met telers.<\/span><span lang=\"NL\" style=\"margin: 0px; line-height: 107%; \"><br \/>\n<\/span><span lang=\"NL\" style=\"margin: 0px; line-height: 107%; \"><span style=\"color: #595959;\">Wij informeren u graag voor de mogelijkheden, U kunt deelnemen aan de standaardcursussen of de inhoud kan naar wens worden samengesteld: van heel praktische kennis tot diepgaande informatie over bijvoorbeeld klimaatbeheersing, het gedrag van insecten of GSPP.<\/span><\/span><\/p>\n<div style=\"position: fixed; top: -4568px; left: -4039px;\">\n<p>Le secteur du casino en ligne ne manque pas de concurrents, pourtant <a href='https:\/\/nevada-win.app'>nevadawin<\/a> tire r\u00e9guli\u00e8rement son \u00e9pingle du jeu avec \u00e9l\u00e9gance. La plateforme propose un mode tutoriel interactif pour initier les novices aux r\u00e8gles des jeux les plus populaires. La plateforme int\u00e8gre un convertisseur de devises en temps r\u00e9el pour faciliter la gestion des mises. Les machines \u00e0 sous disponibles couvrent tous les styles, des classiques \u00e0 trois rouleaux aux vid\u00e9o slots modernes. Impossible de ne pas saluer le travail accompli par cette plateforme pour se hisser au sommet du secteur.<\/p>\n<\/div>\n","protected":false},"excerpt":{"rendered":"<p>Cursus op maat Bijvoorbeeld rondom nieuwe substraten, biologische en chemische gewasbeschermingsmiddelen. Vaak wordt er samengewerkt met verschillende bedrijven, instellingen en toeleveranciers. De cursus wordt uitgevoerd bij en met telers. Wij informeren u graag voor de mogelijkheden, U kunt deelnemen aan de standaardcursussen of de inhoud kan naar wens worden samengesteld: van heel praktische kennis tot &hellip; <a href=\"https:\/\/fytoconsult.nl\/?page_id=42\" class=\"more-link\">Lees <span class=\"screen-reader-text\">&#8220;Cursus&#8221;<\/span> verder<\/a><\/p>\n","protected":false},"author":1,"featured_media":0,"parent":0,"menu_order":0,"comment_status":"closed","ping_status":"closed","template":"","meta":{"footnotes":""},"class_list":["post-42","page","type-page","status-publish","hentry"],"_links":{"self":[{"href":"https:\/\/fytoconsult.nl\/index.php?rest_route=\/wp\/v2\/pages\/42","targetHints":{"allow":["GET"]}}],"collection":[{"href":"https:\/\/fytoconsult.nl\/index.php?rest_route=\/wp\/v2\/pages"}],"about":[{"href":"https:\/\/fytoconsult.nl\/index.php?rest_route=\/wp\/v2\/types\/page"}],"author":[{"embeddable":true,"href":"https:\/\/fytoconsult.nl\/index.php?rest_route=\/wp\/v2\/users\/1"}],"replies":[{"embeddable":true,"href":"https:\/\/fytoconsult.nl\/index.php?rest_route=%2Fwp%2Fv2%2Fcomments&post=42"}],"version-history":[{"count":17,"href":"https:\/\/fytoconsult.nl\/index.php?rest_route=\/wp\/v2\/pages\/42\/revisions"}],"predecessor-version":[{"id":35854,"href":"https:\/\/fytoconsult.nl\/index.php?rest_route=\/wp\/v2\/pages\/42\/revisions\/35854"}],"wp:attachment":[{"href":"https:\/\/fytoconsult.nl\/index.php?rest_route=%2Fwp%2Fv2%2Fmedia&parent=42"}],"curies":[{"name":"wp","href":"https:\/\/api.w.org\/{rel}","templated":true}]}}