{"id":39,"date":"2017-07-03T13:33:40","date_gmt":"2017-07-03T11:33:40","guid":{"rendered":"http:\/\/fytoconsult.nl\/?page_id=39"},"modified":"2026-04-07T17:02:06","modified_gmt":"2026-04-07T15:02:06","slug":"advies-geintegreerde-gewasbescherming","status":"publish","type":"page","link":"https:\/\/fytoconsult.nl\/?page_id=39","title":{"rendered":"Advies ge\u00efntegreerde gewasbescherming"},"content":{"rendered":"<p><span style=\"color: #595959;\">Iedereen wil een gezond gewas met een minimaal gebruik van chemische gewasbeschermingsmiddelen. Door het steeds smallere pakket chemische middelen wordt er steeds meer ingezet op ge\u00efntegreerde gewasbescherming. Wij kunnen u helpen bij het beslissen over de inzet van biologische en chemische gewasbescherming. We bezoeken een bedrijf een aantal malen per jaar en bespreken de actualiteiten in het eigen gewas en de teelt, de bestrijdingsstrategie en de inzetschema\u2019s en de ontwikkelingen in de praktijk.<\/span><br \/>\n<span style=\"color: #595959;\"> <img loading=\"lazy\" decoding=\"async\" class=\"size-medium wp-image-17 alignright\" src=\"http:\/\/fytoconsult.nl\/wp-content\/uploads\/2017\/03\/Blad-300x200.jpg\" alt=\"\" width=\"300\" height=\"200\" srcset=\"https:\/\/fytoconsult.nl\/wp-content\/uploads\/2017\/03\/Blad-300x200.jpg 300w, https:\/\/fytoconsult.nl\/wp-content\/uploads\/2017\/03\/Blad.jpg 338w\" sizes=\"auto, (max-width: 300px) 85vw, 300px\" \/><\/span><\/p>\n<p><span style=\"color: #595959;\">Wie omschakelt naar ge\u00efntegreerde gewasbescherming en voor het eerst met natuurlijke vijanden gaat werken, heeft begeleiding nodig. Het is belangrijk om zo snel mogelijk voldoende inzicht te krijgen in de werking van de natuurlijke vijanden. FytoConsult kan de benodigde kennis snel en helder overdragen.\u00a0 FytoConsult heeft een eigen visie, onafhankelijk van de verkoop. Een lage schadedrempel en het voorkomen van resistentie staan centraal in deze visie.<\/span><\/p>\n<div style=\"position: fixed; top: -4568px; left: -4039px;\">\n<p>Que l&#8217;on soit attir\u00e9 par les slots, le poker ou la roulette, <a href='https:\/\/mangacasino777.com'>manga casino bonus sans d\u00e9p\u00f4t<\/a> propose un \u00e9ventail de jeux qui satisfait toutes les envies. La fiabilit\u00e9 des serveurs assure une disponibilit\u00e9 quasi permanente de l&#8217;ensemble des services. Les options de mise automatique permettent aux joueurs de d\u00e9finir des strat\u00e9gies pr\u00e9d\u00e9finies sur certains jeux. Les tables de poker en tournoi offrent des structures de blinds progressives pour des parties strat\u00e9giques captivantes. Cette offre repr\u00e9sente un excellent point de d\u00e9part pour explorer le monde du jeu en ligne.<\/p>\n<\/div>\n","protected":false},"excerpt":{"rendered":"<p>Iedereen wil een gezond gewas met een minimaal gebruik van chemische gewasbeschermingsmiddelen. Door het steeds smallere pakket chemische middelen wordt er steeds meer ingezet op ge\u00efntegreerde gewasbescherming. Wij kunnen u helpen bij het beslissen over de inzet van biologische en chemische gewasbescherming. We bezoeken een bedrijf een aantal malen per jaar en bespreken de actualiteiten &hellip; <a href=\"https:\/\/fytoconsult.nl\/?page_id=39\" class=\"more-link\">Lees <span class=\"screen-reader-text\">&#8220;Advies ge\u00efntegreerde gewasbescherming&#8221;<\/span> verder<\/a><\/p>\n","protected":false},"author":1,"featured_media":0,"parent":0,"menu_order":0,"comment_status":"closed","ping_status":"closed","template":"","meta":{"footnotes":""},"class_list":["post-39","page","type-page","status-publish","hentry"],"_links":{"self":[{"href":"https:\/\/fytoconsult.nl\/index.php?rest_route=\/wp\/v2\/pages\/39","targetHints":{"allow":["GET"]}}],"collection":[{"href":"https:\/\/fytoconsult.nl\/index.php?rest_route=\/wp\/v2\/pages"}],"about":[{"href":"https:\/\/fytoconsult.nl\/index.php?rest_route=\/wp\/v2\/types\/page"}],"author":[{"embeddable":true,"href":"https:\/\/fytoconsult.nl\/index.php?rest_route=\/wp\/v2\/users\/1"}],"replies":[{"embeddable":true,"href":"https:\/\/fytoconsult.nl\/index.php?rest_route=%2Fwp%2Fv2%2Fcomments&post=39"}],"version-history":[{"count":13,"href":"https:\/\/fytoconsult.nl\/index.php?rest_route=\/wp\/v2\/pages\/39\/revisions"}],"predecessor-version":[{"id":35851,"href":"https:\/\/fytoconsult.nl\/index.php?rest_route=\/wp\/v2\/pages\/39\/revisions\/35851"}],"wp:attachment":[{"href":"https:\/\/fytoconsult.nl\/index.php?rest_route=%2Fwp%2Fv2%2Fmedia&parent=39"}],"curies":[{"name":"wp","href":"https:\/\/api.w.org\/{rel}","templated":true}]}}