{"id":36,"date":"2017-07-03T13:33:11","date_gmt":"2017-07-03T11:33:11","guid":{"rendered":"http:\/\/fytoconsult.nl\/?page_id=36"},"modified":"2026-04-07T17:02:01","modified_gmt":"2026-04-07T15:02:01","slug":"advies-potplanten","status":"publish","type":"page","link":"https:\/\/fytoconsult.nl\/?page_id=36","title":{"rendered":"Advies potplanten"},"content":{"rendered":"<p><span lang=\"NL\" style=\"margin: 0px; color: #595959;\">Door een groot aantal jaren ervaring in de potplantenadvisering heeft FytoConsult veel kennis opgebouwd in het optimaliseren van het klimaat, de bemesting, het watergeven en de gewasbescherming. <\/span><img loading=\"lazy\" decoding=\"async\" class=\"size-medium wp-image-31 alignright\" src=\"http:\/\/fytoconsult.nl\/wp-content\/uploads\/2017\/03\/Planten-300x200.jpg\" alt=\"\" width=\"300\" height=\"200\" srcset=\"https:\/\/fytoconsult.nl\/wp-content\/uploads\/2017\/03\/Planten-300x200.jpg 300w, https:\/\/fytoconsult.nl\/wp-content\/uploads\/2017\/03\/Planten.jpg 338w\" sizes=\"auto, (max-width: 300px) 85vw, 300px\" \/><span lang=\"NL\" style=\"margin: 0px;\"><span style=\"color: #595959;\">Door de steeds complexere bedrijfsuitrusting (klimaatcomputer, meerdere verwarmingsgroepen, meerdere schermdoeken, assimilatiebelichting, bevochtiging en eventueel koeling) zijn er meer mogelijkheden om het klimaat te optimaliseren ten behoeve van een hogere productie of een betere, uniformere kwaliteit van het af te leveren product.<\/span><\/span><span lang=\"NL\" style=\"margin: 0px;\"><span style=\"color: #000000;\">\u00a0<\/span><\/span><\/p>\n<p><span lang=\"NL\" style=\"margin: 0px; line-height: 107%;\"><span style=\"color: #595959;\">Teeltplanning en financi\u00eble doorrekening van potplantenteelten zijn dan ook belangrijke onderdelen van de advisering. De planning bestaat uit een productieplanning, ruimteplanning, arbeidsplanning en een afzetplanning. Hierbij wordt gebruik gemaakt van het planningsprogramma Gartplan. <\/span><\/span><\/p>\n<div style=\"position: fixed; top: -4568px; left: -4039px;\">\n<p>Acc\u00e9der \u00e0 <a href='https:\/\/spinit1.com'>https:\/\/spinit1.com<\/a> est simple et rapide, ce qui permet aux joueurs de profiter imm\u00e9diatement de l&#8217;ensemble des fonctionnalit\u00e9s. Les mises minimales particuli\u00e8rement basses permettent aux joueurs prudents de profiter de l&#8217;exp\u00e9rience sans pression. Les jeux \u00e0 jackpot progressif mettent en jeu des cagnottes qui peuvent atteindre des montants consid\u00e9rables. La plateforme propose des bonus sp\u00e9ciaux pour les joueurs qui pr\u00e9f\u00e8rent les jeux de table aux machines \u00e0 sous. La satisfaction des joueurs reste au c\u0153ur des priorit\u00e9s de cette plateforme dynamique.<\/p>\n<\/div>\n","protected":false},"excerpt":{"rendered":"<p>Door een groot aantal jaren ervaring in de potplantenadvisering heeft FytoConsult veel kennis opgebouwd in het optimaliseren van het klimaat, de bemesting, het watergeven en de gewasbescherming. Door de steeds complexere bedrijfsuitrusting (klimaatcomputer, meerdere verwarmingsgroepen, meerdere schermdoeken, assimilatiebelichting, bevochtiging en eventueel koeling) zijn er meer mogelijkheden om het klimaat te optimaliseren ten behoeve van een &hellip; <a href=\"https:\/\/fytoconsult.nl\/?page_id=36\" class=\"more-link\">Lees <span class=\"screen-reader-text\">&#8220;Advies potplanten&#8221;<\/span> verder<\/a><\/p>\n","protected":false},"author":1,"featured_media":0,"parent":0,"menu_order":0,"comment_status":"closed","ping_status":"closed","template":"","meta":{"footnotes":""},"class_list":["post-36","page","type-page","status-publish","hentry"],"_links":{"self":[{"href":"https:\/\/fytoconsult.nl\/index.php?rest_route=\/wp\/v2\/pages\/36","targetHints":{"allow":["GET"]}}],"collection":[{"href":"https:\/\/fytoconsult.nl\/index.php?rest_route=\/wp\/v2\/pages"}],"about":[{"href":"https:\/\/fytoconsult.nl\/index.php?rest_route=\/wp\/v2\/types\/page"}],"author":[{"embeddable":true,"href":"https:\/\/fytoconsult.nl\/index.php?rest_route=\/wp\/v2\/users\/1"}],"replies":[{"embeddable":true,"href":"https:\/\/fytoconsult.nl\/index.php?rest_route=%2Fwp%2Fv2%2Fcomments&post=36"}],"version-history":[{"count":8,"href":"https:\/\/fytoconsult.nl\/index.php?rest_route=\/wp\/v2\/pages\/36\/revisions"}],"predecessor-version":[{"id":35850,"href":"https:\/\/fytoconsult.nl\/index.php?rest_route=\/wp\/v2\/pages\/36\/revisions\/35850"}],"wp:attachment":[{"href":"https:\/\/fytoconsult.nl\/index.php?rest_route=%2Fwp%2Fv2%2Fmedia&parent=36"}],"curies":[{"name":"wp","href":"https:\/\/api.w.org\/{rel}","templated":true}]}}